{"id":46,"date":"2023-11-24T11:49:34","date_gmt":"2023-11-24T09:49:34","guid":{"rendered":"https:\/\/fpavel.hak-digital.at\/?page_id=46"},"modified":"2024-03-01T11:06:32","modified_gmt":"2024-03-01T09:06:32","slug":"datenschutz","status":"publish","type":"page","link":"https:\/\/fpavel.hak-digital.at\/?page_id=46","title":{"rendered":"Datenschutz"},"content":{"rendered":"\n<p>Vielen Dank f\u00fcr Ihren Besuch auf fpavel.hak-digital.at. Diese Datenschutzerkl\u00e4rung erl\u00e4utert, wie wir Ihre pers\u00f6nlichen Informationen erfassen, nutzen, weitergeben und sch\u00fctzen. Durch die Nutzung unserer Website stimmen Sie den in dieser Richtlinie festgelegten Bedingungen zu.<\/p>\n\n\n\n<p><strong>2. Informationen, die wir erfassen<\/strong><\/p>\n\n\n\n<p>Wir k\u00f6nnen die folgenden Arten von pers\u00f6nlichen Informationen erfassen:<\/p>\n\n\n\n<ul class=\"wp-block-list\">\n<li>Name<\/li>\n\n\n\n<li>Kontaktinformationen (E-Mail-Adresse, Telefonnummer)<\/li>\n\n\n\n<li>Demografische Informationen<\/li>\n\n\n\n<li>Protokoll- und Ger\u00e4teinformationen (IP-Adresse, Browsertyp usw.)<\/li>\n<\/ul>\n\n\n\n<p><strong>3. Wie wir Ihre Informationen nutzen<\/strong><\/p>\n\n\n\n<p>Wir verwenden die gesammelten Informationen f\u00fcr folgende Zwecke:<\/p>\n\n\n\n<ul class=\"wp-block-list\">\n<li>Bereitstellung und Pflege unserer Website<\/li>\n\n\n\n<li>Verbesserung, Personalisierung und Erweiterung unserer Dienstleistungen<\/li>\n\n\n\n<li>Kommunikation mit Ihnen<\/li>\n\n\n\n<li>\u00dcberwachung und Analyse von Nutzungsmustern<\/li>\n<\/ul>\n\n\n\n<p><strong>4. Offenlegung Ihrer Informationen<\/strong><\/p>\n\n\n\n<p>Wir k\u00f6nnen Ihre pers\u00f6nlichen Informationen unter den folgenden Umst\u00e4nden teilen:<\/p>\n\n\n\n<ul class=\"wp-block-list\">\n<li>Mit Ihrer Zustimmung<\/li>\n\n\n\n<li>Um gesetzlichen Verpflichtungen nachzukommen<\/li>\n\n\n\n<li>Zum Schutz unserer Rechte oder der Rechte anderer<\/li>\n<\/ul>\n\n\n\n<p><strong>5. Datensicherheit<\/strong><\/p>\n\n\n\n<p>Wir setzen angemessene Sicherheitsma\u00dfnahmen ein, um Ihre pers\u00f6nlichen Informationen vor unbefugtem Zugriff, Offenlegung, \u00c4nderung und Zerst\u00f6rung zu sch\u00fctzen.<\/p>\n\n\n\n<p><strong>6. Ihre Rechte<\/strong><\/p>\n\n\n\n<p>Sie haben das Recht:<\/p>\n\n\n\n<ul class=\"wp-block-list\">\n<li>Zugriff auf Ihre pers\u00f6nlichen Informationen zu erhalten<\/li>\n\n\n\n<li>Unrichtigkeiten zu korrigieren<\/li>\n\n\n\n<li>Die L\u00f6schung Ihrer Daten zu beantragen<\/li>\n<\/ul>\n\n\n\n<p><strong>7. \u00c4nderungen an dieser Datenschutzerkl\u00e4rung<\/strong><\/p>\n\n\n\n<p>Wir behalten uns das Recht vor, unsere Datenschutzerkl\u00e4rung zu aktualisieren. \u00c4nderungen werden wirksam, sobald die \u00fcberarbeitete Richtlinie auf dieser Website ver\u00f6ffentlicht wird.<\/p>\n","protected":false},"excerpt":{"rendered":"<p>Vielen Dank f\u00fcr Ihren Besuch auf fpavel.hak-digital.at. Diese Datenschutzerkl\u00e4rung erl\u00e4utert, wie wir Ihre pers\u00f6nlichen Informationen erfassen, nutzen, weitergeben und sch\u00fctzen. Durch die Nutzung unserer Website stimmen Sie den in dieser Richtlinie festgelegten Bedingungen zu. 2. Informationen, die wir erfassen Wir k\u00f6nnen die folgenden Arten von pers\u00f6nlichen Informationen erfassen: 3. Wie wir Ihre Informationen nutzen Wir &hellip; <\/p>\n","protected":false},"author":1,"featured_media":0,"parent":40,"menu_order":3,"comment_status":"closed","ping_status":"closed","template":"","meta":{"ngg_post_thumbnail":0,"footnotes":""},"class_list":["post-46","page","type-page","status-publish","hentry"],"aioseo_notices":[],"_links":{"self":[{"href":"https:\/\/fpavel.hak-digital.at\/index.php?rest_route=\/wp\/v2\/pages\/46","targetHints":{"allow":["GET"]}}],"collection":[{"href":"https:\/\/fpavel.hak-digital.at\/index.php?rest_route=\/wp\/v2\/pages"}],"about":[{"href":"https:\/\/fpavel.hak-digital.at\/index.php?rest_route=\/wp\/v2\/types\/page"}],"author":[{"embeddable":true,"href":"https:\/\/fpavel.hak-digital.at\/index.php?rest_route=\/wp\/v2\/users\/1"}],"replies":[{"embeddable":true,"href":"https:\/\/fpavel.hak-digital.at\/index.php?rest_route=%2Fwp%2Fv2%2Fcomments&post=46"}],"version-history":[{"count":2,"href":"https:\/\/fpavel.hak-digital.at\/index.php?rest_route=\/wp\/v2\/pages\/46\/revisions"}],"predecessor-version":[{"id":172,"href":"https:\/\/fpavel.hak-digital.at\/index.php?rest_route=\/wp\/v2\/pages\/46\/revisions\/172"}],"up":[{"embeddable":true,"href":"https:\/\/fpavel.hak-digital.at\/index.php?rest_route=\/wp\/v2\/pages\/40"}],"wp:attachment":[{"href":"https:\/\/fpavel.hak-digital.at\/index.php?rest_route=%2Fwp%2Fv2%2Fmedia&parent=46"}],"curies":[{"name":"wp","href":"https:\/\/api.w.org\/{rel}","templated":true}]}}